{"id":120973,"date":"2021-06-07T11:37:30","date_gmt":"2021-06-07T11:37:30","guid":{"rendered":"https:\/\/www.iamiza.com\/?post_type=product&#038;p=120973"},"modified":"2023-12-20T17:34:29","modified_gmt":"2023-12-20T15:34:29","slug":"1-ss19-tracksuit-velvet","status":"publish","type":"product","link":"https:\/\/www.iamiza.com\/ro\/produs\/1-ss19-tracksuit-velvet\/","title":{"rendered":"1.SS19: TRENING CATIFEA"},"content":{"rendered":"","protected":false},"excerpt":{"rendered":"<p><strong>SACOU SPORT CU GLUG\u0102 CU CORDON<\/strong><\/p>\n<p><em>Culori puternice \u0219i SILHOUETTE MODERN\u0102<\/em><br \/>\nO actualizare a jachetei clasice din \u021bes\u0103tur\u0103 moale catifelat\u0103, cu \u00eenchidere cu fermoar \u0219i glug\u0103 confortabil\u0103.<\/p>\n<ul>\n<li>Compozi\u021bie: catifea cu 80% bumbac \u0219i 20% poliester<\/li>\n<li>Available colors PINK,Orange,Green<\/li>\n<\/ul>\n<p>Sau<\/p>\n<ul>\n<li>Compozi\u021bie: 100% Bumbac<\/li>\n<li>Available colors Black,White<\/li>\n<\/ul>\n<p>Zipper fastening and adjustable hood<br \/>\n__________<br \/>\nDisponibil \u00een m\u0103rimi de la XS - L<br \/>\nEuropean se potrivesc la dimensiune<\/p>\n<p><strong>I.AM.VELVET 2.01| PANTALONI CU PICIOR DREPT<\/strong><\/p>\n<p><em>LUCR\u0102RI SCURTE \u0219i INSPIRA\u021aIE RETRO<\/em><br \/>\nO form\u0103 modern\u0103 pentru pantalonii de trening ve\u0219nici, proiecta\u021bi cu cus\u0103turi frontale pentru \u021binute de strad\u0103 inteligente.<\/p>\n<ul>\n<li>Compozi\u021bie: catifea cu 80% bumbac \u0219i 20% poliester<\/li>\n<li>Colors: PINK,ORANGE,GREEN<\/li>\n<\/ul>\n<p>Sau<\/p>\n<ul>\n<li>Compozi\u021bie: 100% Bumbac<\/li>\n<li>Available colors BLACK, WHITE<\/li>\n<\/ul>\n<p>\u00cenchidere cu cordon reglabil \u0219i man\u0219ete la glezn\u0103<br \/>\n_________<br \/>\nDisponibil \u00een m\u0103rimi de la XS - L<br \/>\nEuropean se potrivesc la dimensiune<\/p>","protected":false},"featured_media":120971,"comment_status":"open","ping_status":"closed","template":"","meta":[],"product_cat":[138,81],"product_tag":[],"class_list":{"0":"post-120973","1":"product","2":"type-product","3":"status-publish","4":"has-post-thumbnail","6":"product_cat-collection-ss19","7":"product_cat-tracksuit","9":"first","10":"instock","11":"shipping-taxable","12":"purchasable","13":"product-type-variable"},"_links":{"self":[{"href":"https:\/\/www.iamiza.com\/ro\/wp-json\/wp\/v2\/product\/120973"}],"collection":[{"href":"https:\/\/www.iamiza.com\/ro\/wp-json\/wp\/v2\/product"}],"about":[{"href":"https:\/\/www.iamiza.com\/ro\/wp-json\/wp\/v2\/types\/product"}],"replies":[{"embeddable":true,"href":"https:\/\/www.iamiza.com\/ro\/wp-json\/wp\/v2\/comments?post=120973"}],"wp:featuredmedia":[{"embeddable":true,"href":"https:\/\/www.iamiza.com\/ro\/wp-json\/wp\/v2\/media\/120971"}],"wp:attachment":[{"href":"https:\/\/www.iamiza.com\/ro\/wp-json\/wp\/v2\/media?parent=120973"}],"wp:term":[{"taxonomy":"product_cat","embeddable":true,"href":"https:\/\/www.iamiza.com\/ro\/wp-json\/wp\/v2\/product_cat?post=120973"},{"taxonomy":"product_tag","embeddable":true,"href":"https:\/\/www.iamiza.com\/ro\/wp-json\/wp\/v2\/product_tag?post=120973"}],"curies":[{"name":"wp","href":"https:\/\/api.w.org\/{rel}","templated":true}]}}