{"id":158585,"date":"2021-10-11T07:06:39","date_gmt":"2021-10-11T07:06:39","guid":{"rendered":"https:\/\/www.iamiza.com\/?post_type=product&#038;p=158585"},"modified":"2025-01-09T14:21:57","modified_gmt":"2025-01-09T12:21:57","slug":"5-premium-tracksuit-flared-sleeve","status":"publish","type":"product","link":"https:\/\/www.iamiza.com\/ro\/produs\/5-premium-tracksuit-flared-sleeve\/","title":{"rendered":"5.Premium TRACKSUIT cu m\u00e2nec\u0103 evazat\u0103"},"content":{"rendered":"","protected":false},"excerpt":{"rendered":"<p><strong>Tracksuit with flared sleeves and detachable oversized shoulders.The pocket is cut in the stripe of the pants being almost unnoticeable<\/strong><br \/>\nIntroducing our new collection of 100% cotton organic,this material is designed by us and made especially and exclusively for I.AM.IZA<\/p>\n<ul>\n<li>Composition : 100% cotton<\/li>\n<li>Available: #black #brown #silver cloud #powdered beige #green spring<\/li>\n<li>M\u0103rime: XS-S-M-L<\/li>\n<li>Model : has a height of 1.78 cm and wears the size Small<\/li>\n<\/ul>","protected":false},"featured_media":158588,"comment_status":"open","ping_status":"closed","template":"","meta":[],"product_cat":[145],"product_tag":[],"class_list":{"0":"post-158585","1":"product","2":"type-product","3":"status-publish","4":"has-post-thumbnail","6":"product_cat-premium-collection-aw21","8":"first","9":"outofstock","10":"shipping-taxable","11":"purchasable","12":"product-type-variable"},"_links":{"self":[{"href":"https:\/\/www.iamiza.com\/ro\/wp-json\/wp\/v2\/product\/158585"}],"collection":[{"href":"https:\/\/www.iamiza.com\/ro\/wp-json\/wp\/v2\/product"}],"about":[{"href":"https:\/\/www.iamiza.com\/ro\/wp-json\/wp\/v2\/types\/product"}],"replies":[{"embeddable":true,"href":"https:\/\/www.iamiza.com\/ro\/wp-json\/wp\/v2\/comments?post=158585"}],"wp:featuredmedia":[{"embeddable":true,"href":"https:\/\/www.iamiza.com\/ro\/wp-json\/wp\/v2\/media\/158588"}],"wp:attachment":[{"href":"https:\/\/www.iamiza.com\/ro\/wp-json\/wp\/v2\/media?parent=158585"}],"wp:term":[{"taxonomy":"product_cat","embeddable":true,"href":"https:\/\/www.iamiza.com\/ro\/wp-json\/wp\/v2\/product_cat?post=158585"},{"taxonomy":"product_tag","embeddable":true,"href":"https:\/\/www.iamiza.com\/ro\/wp-json\/wp\/v2\/product_tag?post=158585"}],"curies":[{"name":"wp","href":"https:\/\/api.w.org\/{rel}","templated":true}]}}