{"id":1681,"date":"2020-06-02T10:42:57","date_gmt":"2020-06-02T10:42:57","guid":{"rendered":"https:\/\/www.iamiza.com\/?post_type=product&#038;p=1681"},"modified":"2024-01-23T11:38:29","modified_gmt":"2024-01-23T09:38:29","slug":"i-am-velvet-2-2-tracksuit","status":"publish","type":"product","link":"https:\/\/www.iamiza.com\/ro\/produs\/i-am-velvet-2-2-tracksuit\/","title":{"rendered":"I.AM.VELVET 2.2 | Trening"},"content":{"rendered":"","protected":false},"excerpt":{"rendered":"<p><strong>I.AM. CATIFEA 2.2 | HANORAC CU LOGO IMPRIMAT \u0218I BAND\u0102 \u00ceN TALIE<\/strong><\/p>\n<p><em>Numai VIBES bune \u0219i FITS bune.<\/em><br \/>\n<em>Hanoracul perfect exist\u0103 \u0219i este conceput pentru a se potrivi \u021binutelor tale zilnice<\/em><br \/>\n<em>De la lejer la confortabil, ajusta\u021bi logo-ul imprimat de la talie \u0219i ob\u021bine\u021bi mai multe stiluri cu acela\u0219i cardigan cu glug\u0103.<\/em><\/p>\n<ul>\n<li>Compozi\u021bie: 80% COTTON, 20% POLIESTER<\/li>\n<li>Available colours: GREY, PINK, SALMON, BLACK, WHITE<\/li>\n<li>Fermoar frontal<\/li>\n<li>Available in sizes XS-L<\/li>\n<li>European se potrivesc la dimensiune<\/li>\n<\/ul>\n<p><strong>I.AM. CATIFEA 2.2 | PANTALONI TAPPERED CU BAND\u0102 LA GLEZN\u0102<\/strong><\/p>\n<p><em>Aceea\u0219i calitate, \u00eembun\u0103t\u0103\u021biri de p\u00e2n\u0103 la un minut.<\/em><br \/>\n<em>O experien\u021b\u0103 cu totul NOU\u0102 cu cel mai NOU upgrade: V\u0103 prezent\u0103m cei mai noi pantaloni cu benzi reglabile la glezn\u0103 \u0219i band\u0103 imprimat\u0103 \u00een talie...<\/em><\/p>\n<ul>\n<li>Compozi\u021bie: 80% COTTON, 20% POLIESTER<\/li>\n<li>Available colours: GREY, PINK, SALMON, BLACK, WHITE<\/li>\n<li>Trage\u021bi pe<\/li>\n<li>Available in sizes XS-L<\/li>\n<li>European se potrivesc la dimensiune<\/li>\n<\/ul>","protected":false},"featured_media":1201,"comment_status":"open","ping_status":"closed","template":"","meta":[],"product_cat":[73,81],"product_tag":[],"class_list":{"0":"post-1681","1":"product","2":"type-product","3":"status-publish","4":"has-post-thumbnail","6":"product_cat-new-collection-ss20","7":"product_cat-tracksuit","9":"first","10":"instock","11":"shipping-taxable","12":"purchasable","13":"product-type-variable"},"_links":{"self":[{"href":"https:\/\/www.iamiza.com\/ro\/wp-json\/wp\/v2\/product\/1681"}],"collection":[{"href":"https:\/\/www.iamiza.com\/ro\/wp-json\/wp\/v2\/product"}],"about":[{"href":"https:\/\/www.iamiza.com\/ro\/wp-json\/wp\/v2\/types\/product"}],"replies":[{"embeddable":true,"href":"https:\/\/www.iamiza.com\/ro\/wp-json\/wp\/v2\/comments?post=1681"}],"wp:featuredmedia":[{"embeddable":true,"href":"https:\/\/www.iamiza.com\/ro\/wp-json\/wp\/v2\/media\/1201"}],"wp:attachment":[{"href":"https:\/\/www.iamiza.com\/ro\/wp-json\/wp\/v2\/media?parent=1681"}],"wp:term":[{"taxonomy":"product_cat","embeddable":true,"href":"https:\/\/www.iamiza.com\/ro\/wp-json\/wp\/v2\/product_cat?post=1681"},{"taxonomy":"product_tag","embeddable":true,"href":"https:\/\/www.iamiza.com\/ro\/wp-json\/wp\/v2\/product_tag?post=1681"}],"curies":[{"name":"wp","href":"https:\/\/api.w.org\/{rel}","templated":true}]}}