{"id":1687,"date":"2020-06-02T10:57:00","date_gmt":"2020-06-02T10:57:00","guid":{"rendered":"https:\/\/www.iamiza.com\/?post_type=product&#038;p=1687"},"modified":"2023-12-21T14:23:17","modified_gmt":"2023-12-21T12:23:17","slug":"i-am-velvet-2-1-tracksuit","status":"publish","type":"product","link":"https:\/\/www.iamiza.com\/ro\/produs\/i-am-velvet-2-1-tracksuit\/","title":{"rendered":"I.AM.VELVET 2.1 | Trening"},"content":{"rendered":"","protected":false},"excerpt":{"rendered":"<p><strong>SACOU SPORT CU GLUG\u0102 CU CORDON<\/strong><br \/>\n<em>Culori puternice \u0219i SILHOUETTE MODERN\u0102<\/em><br \/>\n<em>O actualizare a jachetei clasice din \u021bes\u0103tur\u0103 moale catifelat\u0103, cu \u00eenchidere cu fermoar \u0219i glug\u0103 confortabil\u0103.<\/em><\/p>\n<ul>\n<li>Compozi\u021bie: catifea cu 80% bumbac \u0219i 20% poliester<\/li>\n<li>Culori disponibile BABY PINK,SALMON,GREY,NUDE<\/li>\n<\/ul>\n<p>Sau<\/p>\n<ul>\n<li>Compozi\u021bie: 100% Bumbac<\/li>\n<li>Culori disponibile BLACK, WHITE \u0219i BEIGE<\/li>\n<\/ul>\n<p>Zipper fastening and adjustable hood<br \/>\n__________<br \/>\nDisponibil \u00een m\u0103rimi de la XS - L<br \/>\nEuropean se potrivesc la dimensiune<\/p>\n<p><strong>I.AM.VELVET 2.01| PANTALONI CU PICIOR DREPT<\/strong><\/p>\n<p><em>LUCR\u0102RI SCURTE \u0219i INSPIRA\u021aIE RETRO<\/em><br \/>\n<em>O form\u0103 modern\u0103 pentru pantalonii de trening ve\u0219nici, proiecta\u021bi cu cus\u0103turi frontale pentru \u021binute de strad\u0103 inteligente.<\/em><\/p>\n<ul>\n<li>Compozi\u021bie: catifea cu 80% bumbac \u0219i 20% poliester<\/li>\n<li>Culori: BABY PINK, SOMON, GRI, NUDE<\/li>\n<\/ul>\n<p>Sau<\/p>\n<ul>\n<li>Compozi\u021bie: 100% Bumbac<\/li>\n<li>Culori disponibile BLACK, WHITE \u0219i BEIGE<\/li>\n<li>\u00cenchidere cu cordon reglabil \u0219i man\u0219ete la glezn\u0103<br \/>\n_________<br \/>\nDisponibil \u00een m\u0103rimi de la XS - L<br \/>\nEuropean se potrivesc la dimensiune<\/li>\n<\/ul>","protected":false},"featured_media":1197,"comment_status":"open","ping_status":"closed","template":"","meta":[],"product_cat":[73,81],"product_tag":[],"class_list":{"0":"post-1687","1":"product","2":"type-product","3":"status-publish","4":"has-post-thumbnail","6":"product_cat-new-collection-ss20","7":"product_cat-tracksuit","9":"first","10":"instock","11":"shipping-taxable","12":"purchasable","13":"product-type-variable","14":"has-default-attributes"},"_links":{"self":[{"href":"https:\/\/www.iamiza.com\/ro\/wp-json\/wp\/v2\/product\/1687"}],"collection":[{"href":"https:\/\/www.iamiza.com\/ro\/wp-json\/wp\/v2\/product"}],"about":[{"href":"https:\/\/www.iamiza.com\/ro\/wp-json\/wp\/v2\/types\/product"}],"replies":[{"embeddable":true,"href":"https:\/\/www.iamiza.com\/ro\/wp-json\/wp\/v2\/comments?post=1687"}],"wp:featuredmedia":[{"embeddable":true,"href":"https:\/\/www.iamiza.com\/ro\/wp-json\/wp\/v2\/media\/1197"}],"wp:attachment":[{"href":"https:\/\/www.iamiza.com\/ro\/wp-json\/wp\/v2\/media?parent=1687"}],"wp:term":[{"taxonomy":"product_cat","embeddable":true,"href":"https:\/\/www.iamiza.com\/ro\/wp-json\/wp\/v2\/product_cat?post=1687"},{"taxonomy":"product_tag","embeddable":true,"href":"https:\/\/www.iamiza.com\/ro\/wp-json\/wp\/v2\/product_tag?post=1687"}],"curies":[{"name":"wp","href":"https:\/\/api.w.org\/{rel}","templated":true}]}}