{"id":235999,"date":"2022-05-10T17:45:02","date_gmt":"2022-05-10T15:45:02","guid":{"rendered":"https:\/\/www.iamiza.com\/?post_type=product&#038;p=235999"},"modified":"2023-04-27T20:23:10","modified_gmt":"2023-04-27T17:23:10","slug":"15-ss22-t-shirt-top-and-pants","status":"publish","type":"product","link":"https:\/\/www.iamiza.com\/ro\/produs\/15-ss22-t-shirt-top-and-pants\/","title":{"rendered":"15.Ss22. TRICOU TOP \u0218I PANTALONI"},"content":{"rendered":"","protected":false},"excerpt":{"rendered":"<p><strong>Tricou cu logo brodat \u0219i cu m\u00e2nec\u0103 nefinisat\u0103.<\/strong><br \/>\nIt is light and easy to wear.<\/p>\n<p>Pants with high and wide waist,with drawstring and pochets in the seam<\/p>\n<ul>\n<li>Compozi\u021bie 80% bumbac 20% poliester<\/li>\n<li>Disponibil: 1TP5 ro\u0219u # negru # alb # albastru mineral # gri ghea\u021b\u0103<\/li>\n<li>M\u0103rime: XS-S-M-L<\/li>\n<li>Model : are o \u00een\u0103l\u021bime de 1,71 cm \u0219i poart\u0103 m\u0103rimea Small<\/li>\n<\/ul>","protected":false},"featured_media":236000,"comment_status":"open","ping_status":"closed","template":"","meta":[],"product_cat":[180],"product_tag":[],"class_list":{"0":"post-235999","1":"product","2":"type-product","3":"status-publish","4":"has-post-thumbnail","6":"product_cat-spring-summer-22","8":"first","9":"instock","10":"shipping-taxable","11":"purchasable","12":"product-type-variable"},"_links":{"self":[{"href":"https:\/\/www.iamiza.com\/ro\/wp-json\/wp\/v2\/product\/235999"}],"collection":[{"href":"https:\/\/www.iamiza.com\/ro\/wp-json\/wp\/v2\/product"}],"about":[{"href":"https:\/\/www.iamiza.com\/ro\/wp-json\/wp\/v2\/types\/product"}],"replies":[{"embeddable":true,"href":"https:\/\/www.iamiza.com\/ro\/wp-json\/wp\/v2\/comments?post=235999"}],"wp:featuredmedia":[{"embeddable":true,"href":"https:\/\/www.iamiza.com\/ro\/wp-json\/wp\/v2\/media\/236000"}],"wp:attachment":[{"href":"https:\/\/www.iamiza.com\/ro\/wp-json\/wp\/v2\/media?parent=235999"}],"wp:term":[{"taxonomy":"product_cat","embeddable":true,"href":"https:\/\/www.iamiza.com\/ro\/wp-json\/wp\/v2\/product_cat?post=235999"},{"taxonomy":"product_tag","embeddable":true,"href":"https:\/\/www.iamiza.com\/ro\/wp-json\/wp\/v2\/product_tag?post=235999"}],"curies":[{"name":"wp","href":"https:\/\/api.w.org\/{rel}","templated":true}]}}