{"id":236849,"date":"2022-12-07T12:18:24","date_gmt":"2022-12-07T10:18:24","guid":{"rendered":"https:\/\/www.iamiza.com\/?post_type=product&#038;p=236849"},"modified":"2024-11-05T17:06:59","modified_gmt":"2024-11-05T15:06:59","slug":"2-winter-tracksuit-hoodie-with-label","status":"publish","type":"product","link":"https:\/\/www.iamiza.com\/ro\/produs\/2-winter-tracksuit-hoodie-with-label\/","title":{"rendered":"2. Iarna TRACKSUIT HOODIE CU LABEL"},"content":{"rendered":"","protected":false},"excerpt":{"rendered":"<p><strong>Aceea\u0219i calitate, \u00eembun\u0103t\u0103\u021biri de p\u00e2n\u0103 la un minut.<\/strong> O experien\u021b\u0103 cu totul NOU\u0102 cu cel mai NOU upgrade: V\u0103 prezent\u0103m ultimul nostru trening cu logo catifelat \u0219i buzunar tip pung\u0103.<\/p>\n<ul>\n<li>Compozi\u021bie: 80% COTTON, 20% POLIESTER<\/li>\n<li>Culori disponibile: #Bnegru cu negru #Bnegru cu alb #grey army #brown dark #Caramel #kaki #olive<\/li>\n<li>Trage\u021bi pe<\/li>\n<li>Disponibil \u00een m\u0103rimi XS-L European fit to size<\/li>\n<li>Model: are o \u00een\u0103l\u021bime de 1,73 cm \u0219i poart\u0103 m\u0103rimea Small<\/li>\n<\/ul>","protected":false},"featured_media":236844,"comment_status":"open","ping_status":"closed","template":"","meta":[],"product_cat":[220,81],"product_tag":[],"class_list":{"0":"post-236849","1":"product","2":"type-product","3":"status-publish","4":"has-post-thumbnail","6":"product_cat-winter-22-23","7":"product_cat-tracksuit","9":"first","10":"instock","11":"shipping-taxable","12":"purchasable","13":"product-type-variable"},"_links":{"self":[{"href":"https:\/\/www.iamiza.com\/ro\/wp-json\/wp\/v2\/product\/236849"}],"collection":[{"href":"https:\/\/www.iamiza.com\/ro\/wp-json\/wp\/v2\/product"}],"about":[{"href":"https:\/\/www.iamiza.com\/ro\/wp-json\/wp\/v2\/types\/product"}],"replies":[{"embeddable":true,"href":"https:\/\/www.iamiza.com\/ro\/wp-json\/wp\/v2\/comments?post=236849"}],"wp:featuredmedia":[{"embeddable":true,"href":"https:\/\/www.iamiza.com\/ro\/wp-json\/wp\/v2\/media\/236844"}],"wp:attachment":[{"href":"https:\/\/www.iamiza.com\/ro\/wp-json\/wp\/v2\/media?parent=236849"}],"wp:term":[{"taxonomy":"product_cat","embeddable":true,"href":"https:\/\/www.iamiza.com\/ro\/wp-json\/wp\/v2\/product_cat?post=236849"},{"taxonomy":"product_tag","embeddable":true,"href":"https:\/\/www.iamiza.com\/ro\/wp-json\/wp\/v2\/product_tag?post=236849"}],"curies":[{"name":"wp","href":"https:\/\/api.w.org\/{rel}","templated":true}]}}