{"id":237022,"date":"2023-01-12T16:38:19","date_gmt":"2023-01-12T14:38:19","guid":{"rendered":"https:\/\/www.iamiza.com\/?post_type=product&#038;p=237022"},"modified":"2023-12-23T13:15:49","modified_gmt":"2023-12-23T11:15:49","slug":"5-winter-tracksuit-velvet","status":"publish","type":"product","link":"https:\/\/www.iamiza.com\/ro\/produs\/5-winter-tracksuit-velvet\/","title":{"rendered":"5. TRENING DE IARNA CATIFEA"},"content":{"rendered":"","protected":false},"excerpt":{"rendered":"<p><strong>DRAWSTRING HOOD SPORTSWEAR JACKET BOLD COLORS and MODERN SILHOUETTE Fermoar cu fermoar \u0219i glug\u0103 reglabil\u0103 SHARP LOOKS O form\u0103 modern\u0103 pentru ve\u0219nicii pantaloni de trening, proiecta\u021bi cu cus\u0103turi frontale pentru \u021binute street-smart.<\/strong><\/p>\n<ul>\n<li>Compozi\u021bie: catifea cu 80% bumbac \u0219i 20% poliester<\/li>\n<li>Disponibil: #brown drak<\/li>\n<li>\u00cenchidere cu cordon reglabil \u0219i man\u0219ete la glezn\u0103<\/li>\n<li>Disponibil \u00een m\u0103rimi de la XS - L<\/li>\n<li>Compozi\u021bie : 80% Bumbac 20% Poliester<\/li>\n<li>European potrivit m\u0103rimii Sp\u0103lare manual\u0103 la 30 de grade<\/li>\n<li>Model: are o \u00een\u0103l\u021bime de 1,73 \u0219i poart\u0103 m\u0103rimea Small<\/li>\n<\/ul>","protected":false},"featured_media":237023,"comment_status":"open","ping_status":"closed","template":"","meta":[],"product_cat":[220,81],"product_tag":[],"class_list":{"0":"post-237022","1":"product","2":"type-product","3":"status-publish","4":"has-post-thumbnail","6":"product_cat-winter-22-23","7":"product_cat-tracksuit","9":"first","10":"instock","11":"shipping-taxable","12":"purchasable","13":"product-type-variable"},"_links":{"self":[{"href":"https:\/\/www.iamiza.com\/ro\/wp-json\/wp\/v2\/product\/237022"}],"collection":[{"href":"https:\/\/www.iamiza.com\/ro\/wp-json\/wp\/v2\/product"}],"about":[{"href":"https:\/\/www.iamiza.com\/ro\/wp-json\/wp\/v2\/types\/product"}],"replies":[{"embeddable":true,"href":"https:\/\/www.iamiza.com\/ro\/wp-json\/wp\/v2\/comments?post=237022"}],"wp:featuredmedia":[{"embeddable":true,"href":"https:\/\/www.iamiza.com\/ro\/wp-json\/wp\/v2\/media\/237023"}],"wp:attachment":[{"href":"https:\/\/www.iamiza.com\/ro\/wp-json\/wp\/v2\/media?parent=237022"}],"wp:term":[{"taxonomy":"product_cat","embeddable":true,"href":"https:\/\/www.iamiza.com\/ro\/wp-json\/wp\/v2\/product_cat?post=237022"},{"taxonomy":"product_tag","embeddable":true,"href":"https:\/\/www.iamiza.com\/ro\/wp-json\/wp\/v2\/product_tag?post=237022"}],"curies":[{"name":"wp","href":"https:\/\/api.w.org\/{rel}","templated":true}]}}