{"id":237127,"date":"2023-01-31T18:17:29","date_gmt":"2023-01-31T16:17:29","guid":{"rendered":"https:\/\/www.iamiza.com\/?post_type=product&#038;p=237127"},"modified":"2025-01-09T14:30:50","modified_gmt":"2025-01-09T12:30:50","slug":"7-winter-hoodie-gleaming-band-and-pants","status":"publish","type":"product","link":"https:\/\/www.iamiza.com\/ro\/produs\/7-winter-hoodie-gleaming-band-and-pants\/","title":{"rendered":"7. HANORAC DE IARN\u0102 BAND\u0102 STR\u0102LUCITOARE \u0218I PANTALONI"},"content":{"rendered":"","protected":false},"excerpt":{"rendered":"<p><strong>Hoodie with band gleaming,pouch pocket and small side logo glitter in black colors. <\/strong>Wear it loud and wear it proud with every outfit, from dusk to dawn with sneakers and heels, with t-shirts or corsets.<\/p>\n<p>The trousers with a shiny band on the side and with a patent at the bottom.<\/p>\n<ul>\n<li>Compozi\u021bie: 80% bumbac \u0219i 20% poliester<\/li>\n<li>Available colors: BLACK<\/li>\n<li>Disponibil \u00een m\u0103rimi de la XS - L<\/li>\n<li>European se potrivesc la dimensiune<\/li>\n<li>Sp\u0103lare manual\u0103 30 de grade<\/li>\n<\/ul>","protected":false},"featured_media":237129,"comment_status":"open","ping_status":"closed","template":"","meta":[],"product_cat":[220,191],"product_tag":[],"class_list":{"0":"post-237127","1":"product","2":"type-product","3":"status-publish","4":"has-post-thumbnail","6":"product_cat-winter-22-23","7":"product_cat-hoodie-and-pants","9":"first","10":"outofstock","11":"shipping-taxable","12":"purchasable","13":"product-type-variable"},"_links":{"self":[{"href":"https:\/\/www.iamiza.com\/ro\/wp-json\/wp\/v2\/product\/237127"}],"collection":[{"href":"https:\/\/www.iamiza.com\/ro\/wp-json\/wp\/v2\/product"}],"about":[{"href":"https:\/\/www.iamiza.com\/ro\/wp-json\/wp\/v2\/types\/product"}],"replies":[{"embeddable":true,"href":"https:\/\/www.iamiza.com\/ro\/wp-json\/wp\/v2\/comments?post=237127"}],"wp:featuredmedia":[{"embeddable":true,"href":"https:\/\/www.iamiza.com\/ro\/wp-json\/wp\/v2\/media\/237129"}],"wp:attachment":[{"href":"https:\/\/www.iamiza.com\/ro\/wp-json\/wp\/v2\/media?parent=237127"}],"wp:term":[{"taxonomy":"product_cat","embeddable":true,"href":"https:\/\/www.iamiza.com\/ro\/wp-json\/wp\/v2\/product_cat?post=237127"},{"taxonomy":"product_tag","embeddable":true,"href":"https:\/\/www.iamiza.com\/ro\/wp-json\/wp\/v2\/product_tag?post=237127"}],"curies":[{"name":"wp","href":"https:\/\/api.w.org\/{rel}","templated":true}]}}