{"id":238260,"date":"2023-11-28T13:45:31","date_gmt":"2023-11-28T11:45:31","guid":{"rendered":"https:\/\/www.iamiza.com\/?post_type=product&#038;p=238260"},"modified":"2025-01-09T14:31:50","modified_gmt":"2025-01-09T12:31:50","slug":"the-new-8-long-sleeve-scoop-back-jumpsuit","status":"publish","type":"product","link":"https:\/\/www.iamiza.com\/ro\/produs\/the-new-8-long-sleeve-scoop-back-jumpsuit\/","title":{"rendered":"NOUL 8. JUMPSUIT cu m\u00e2nec\u0103 lung\u0103, cu spatele gol"},"content":{"rendered":"","protected":false},"excerpt":{"rendered":"<p><strong>Stretch-design, sheer, high neck, long sleeves, fitted waistline, and rear zip fastening.<\/strong><\/p>\n<ul>\n<li>Compozi\u021bie: 100% Spandex<\/li>\n<li>Culori disponibile: #black<\/li>\n<li>Manual washing 30 degrees<\/li>\n<li>Model: has a height of 1,78 and wears the size Small ( S)<\/li>\n<\/ul>","protected":false},"featured_media":238261,"comment_status":"open","ping_status":"closed","template":"","meta":[],"product_cat":[244,75],"product_tag":[],"class_list":{"0":"post-238260","1":"product","2":"type-product","3":"status-publish","4":"has-post-thumbnail","6":"product_cat-the-new-i-am-iza","7":"product_cat-jumpsuit","9":"first","10":"outofstock","11":"shipping-taxable","12":"purchasable","13":"product-type-variable"},"_links":{"self":[{"href":"https:\/\/www.iamiza.com\/ro\/wp-json\/wp\/v2\/product\/238260"}],"collection":[{"href":"https:\/\/www.iamiza.com\/ro\/wp-json\/wp\/v2\/product"}],"about":[{"href":"https:\/\/www.iamiza.com\/ro\/wp-json\/wp\/v2\/types\/product"}],"replies":[{"embeddable":true,"href":"https:\/\/www.iamiza.com\/ro\/wp-json\/wp\/v2\/comments?post=238260"}],"wp:featuredmedia":[{"embeddable":true,"href":"https:\/\/www.iamiza.com\/ro\/wp-json\/wp\/v2\/media\/238261"}],"wp:attachment":[{"href":"https:\/\/www.iamiza.com\/ro\/wp-json\/wp\/v2\/media?parent=238260"}],"wp:term":[{"taxonomy":"product_cat","embeddable":true,"href":"https:\/\/www.iamiza.com\/ro\/wp-json\/wp\/v2\/product_cat?post=238260"},{"taxonomy":"product_tag","embeddable":true,"href":"https:\/\/www.iamiza.com\/ro\/wp-json\/wp\/v2\/product_tag?post=238260"}],"curies":[{"name":"wp","href":"https:\/\/api.w.org\/{rel}","templated":true}]}}