{"id":238267,"date":"2023-11-28T13:49:54","date_gmt":"2023-11-28T11:49:54","guid":{"rendered":"https:\/\/www.iamiza.com\/?post_type=product&#038;p=238267"},"modified":"2024-10-07T19:16:36","modified_gmt":"2024-10-07T16:16:36","slug":"the-new-9-leggings-logo","status":"publish","type":"product","link":"https:\/\/www.iamiza.com\/ro\/produs\/the-new-9-leggings-logo\/","title":{"rendered":"NOUL 9. LOGO-UL JAMBIERELOR"},"content":{"rendered":"","protected":false},"excerpt":{"rendered":"<p><strong>STYLED \u0219i PRACTIC \u00cen spatele fiec\u0103rei pove\u0219ti bune de la sal\u0103 exist\u0103 perechea perfect\u0103 de jambiere, creat\u0103 deasupra tendin\u021belor \u0219i mai mult \u00een zona de confort.<\/strong><\/p>\n<ul>\n<li>Compozi\u021bie: 100% Spandex<\/li>\n<li>Culori disponibile: #black<\/li>\n<li>Talie elastic\u0103<\/li>\n<li>Disponibil \u00een m\u0103rimi de la XS - L<\/li>\n<li>European se potrivesc la dimensiune<\/li>\n<\/ul>","protected":false},"featured_media":238269,"comment_status":"open","ping_status":"closed","template":"","meta":[],"product_cat":[244],"product_tag":[],"class_list":{"0":"post-238267","1":"product","2":"type-product","3":"status-publish","4":"has-post-thumbnail","6":"product_cat-the-new-i-am-iza","8":"first","9":"instock","10":"shipping-taxable","11":"purchasable","12":"product-type-variable"},"_links":{"self":[{"href":"https:\/\/www.iamiza.com\/ro\/wp-json\/wp\/v2\/product\/238267"}],"collection":[{"href":"https:\/\/www.iamiza.com\/ro\/wp-json\/wp\/v2\/product"}],"about":[{"href":"https:\/\/www.iamiza.com\/ro\/wp-json\/wp\/v2\/types\/product"}],"replies":[{"embeddable":true,"href":"https:\/\/www.iamiza.com\/ro\/wp-json\/wp\/v2\/comments?post=238267"}],"wp:featuredmedia":[{"embeddable":true,"href":"https:\/\/www.iamiza.com\/ro\/wp-json\/wp\/v2\/media\/238269"}],"wp:attachment":[{"href":"https:\/\/www.iamiza.com\/ro\/wp-json\/wp\/v2\/media?parent=238267"}],"wp:term":[{"taxonomy":"product_cat","embeddable":true,"href":"https:\/\/www.iamiza.com\/ro\/wp-json\/wp\/v2\/product_cat?post=238267"},{"taxonomy":"product_tag","embeddable":true,"href":"https:\/\/www.iamiza.com\/ro\/wp-json\/wp\/v2\/product_tag?post=238267"}],"curies":[{"name":"wp","href":"https:\/\/api.w.org\/{rel}","templated":true}]}}