{"id":238597,"date":"2020-01-27T13:04:29","date_gmt":"2020-01-27T11:04:29","guid":{"rendered":"https:\/\/www.iamiza.com\/?post_type=product&#038;p=238597"},"modified":"2024-02-06T13:12:02","modified_gmt":"2024-02-06T11:12:02","slug":"aw-19-1-tracksuit-velvet","status":"publish","type":"product","link":"https:\/\/www.iamiza.com\/ro\/produs\/aw-19-1-tracksuit-velvet\/","title":{"rendered":"Aw-19\/1.Tracksuit catifea"},"content":{"rendered":"","protected":false},"excerpt":{"rendered":"<p><strong>Culori puternice \u0219i SILHOUETTE MODERN\u0102<\/strong><br \/>\nO actualizare a jachetei clasice din \u021bes\u0103tur\u0103 moale catifelat\u0103, cu \u00eenchidere cu fermoar \u0219i glug\u0103 confortabil\u0103.<\/p>\n<p>Zipper fastening and adjustable hood.<br \/>\nSTRAIGHT LEG TROUSERS. SHARP LOOKS and RETRO INSPIRATION.<br \/>\nA modern shape for the everlasting sweatpants, designed with front stitching for street-style. Adjustable drawstring fastening and ankle cuffs<\/p>\n<ul>\n<li>Compozi\u021bie: catifea cu 80% bumbac \u0219i 20% poliester<\/li>\n<li>Available colors: #baby blue, #yellow #denim #blue electric #red #white #black<\/li>\n<li>Disponibil \u00een m\u0103rimi de la XS - L<\/li>\n<li>European se potrivesc la dimensiune<\/li>\n<li>Sp\u0103lare manual\u0103 30 de grade<\/li>\n<\/ul>","protected":false},"featured_media":599,"comment_status":"open","ping_status":"closed","template":"","meta":[],"product_cat":[107,81],"product_tag":[],"class_list":{"0":"post-238597","1":"product","2":"type-product","3":"status-publish","4":"has-post-thumbnail","6":"product_cat-collection-aw-19","7":"product_cat-tracksuit","9":"first","10":"instock","11":"shipping-taxable","12":"purchasable","13":"product-type-variable"},"_links":{"self":[{"href":"https:\/\/www.iamiza.com\/ro\/wp-json\/wp\/v2\/product\/238597"}],"collection":[{"href":"https:\/\/www.iamiza.com\/ro\/wp-json\/wp\/v2\/product"}],"about":[{"href":"https:\/\/www.iamiza.com\/ro\/wp-json\/wp\/v2\/types\/product"}],"replies":[{"embeddable":true,"href":"https:\/\/www.iamiza.com\/ro\/wp-json\/wp\/v2\/comments?post=238597"}],"wp:featuredmedia":[{"embeddable":true,"href":"https:\/\/www.iamiza.com\/ro\/wp-json\/wp\/v2\/media\/599"}],"wp:attachment":[{"href":"https:\/\/www.iamiza.com\/ro\/wp-json\/wp\/v2\/media?parent=238597"}],"wp:term":[{"taxonomy":"product_cat","embeddable":true,"href":"https:\/\/www.iamiza.com\/ro\/wp-json\/wp\/v2\/product_cat?post=238597"},{"taxonomy":"product_tag","embeddable":true,"href":"https:\/\/www.iamiza.com\/ro\/wp-json\/wp\/v2\/product_tag?post=238597"}],"curies":[{"name":"wp","href":"https:\/\/api.w.org\/{rel}","templated":true}]}}