{"id":239421,"date":"2024-10-07T15:49:30","date_gmt":"2024-10-07T12:49:30","guid":{"rendered":"https:\/\/www.iamiza.com\/?post_type=product&#038;p=239421"},"modified":"2024-10-07T16:29:15","modified_gmt":"2024-10-07T13:29:15","slug":"premium-velvet-hoodie-shoulder-zip-up","status":"publish","type":"product","link":"https:\/\/www.iamiza.com\/ro\/produs\/premium-velvet-hoodie-shoulder-zip-up\/","title":{"rendered":"PREMIUM VELVET Hoodie cu fermoar pe um\u0103r"},"content":{"rendered":"","protected":false},"excerpt":{"rendered":"<p><strong>Hanorac cu umeri supradimensiona\u021bi deta\u0219abili, buzunar pung\u0103, fermoar sus<\/strong><\/p>\n<ul>\n<li>velvet premium<\/li>\n<li>buzunar pung\u0103<\/li>\n<li>umeri supradimensiona\u021bi<\/li>\n<li>t\u0103iat<\/li>\n<li>m\u00e2nec\u0103 lung\u0103<\/li>\n<li>croial\u0103 sub\u021bire<\/li>\n<\/ul>\n<p>Composition: Cotton 80% ,polyester 20%<br \/>\nColors: Green,black<\/p>","protected":false},"featured_media":239427,"comment_status":"open","ping_status":"closed","template":"","meta":[],"product_cat":[334,59],"product_tag":[],"class_list":{"0":"post-239421","1":"product","2":"type-product","3":"status-publish","4":"has-post-thumbnail","6":"product_cat-fall-winter-24","7":"product_cat-hoodie","9":"first","10":"instock","11":"shipping-taxable","12":"purchasable","13":"product-type-variable"},"_links":{"self":[{"href":"https:\/\/www.iamiza.com\/ro\/wp-json\/wp\/v2\/product\/239421"}],"collection":[{"href":"https:\/\/www.iamiza.com\/ro\/wp-json\/wp\/v2\/product"}],"about":[{"href":"https:\/\/www.iamiza.com\/ro\/wp-json\/wp\/v2\/types\/product"}],"replies":[{"embeddable":true,"href":"https:\/\/www.iamiza.com\/ro\/wp-json\/wp\/v2\/comments?post=239421"}],"wp:featuredmedia":[{"embeddable":true,"href":"https:\/\/www.iamiza.com\/ro\/wp-json\/wp\/v2\/media\/239427"}],"wp:attachment":[{"href":"https:\/\/www.iamiza.com\/ro\/wp-json\/wp\/v2\/media?parent=239421"}],"wp:term":[{"taxonomy":"product_cat","embeddable":true,"href":"https:\/\/www.iamiza.com\/ro\/wp-json\/wp\/v2\/product_cat?post=239421"},{"taxonomy":"product_tag","embeddable":true,"href":"https:\/\/www.iamiza.com\/ro\/wp-json\/wp\/v2\/product_tag?post=239421"}],"curies":[{"name":"wp","href":"https:\/\/api.w.org\/{rel}","templated":true}]}}