{"id":239436,"date":"2024-10-07T17:29:03","date_gmt":"2024-10-07T14:29:03","guid":{"rendered":"https:\/\/www.iamiza.com\/?post_type=product&#038;p=239436"},"modified":"2024-11-04T08:52:06","modified_gmt":"2024-11-04T06:52:06","slug":"exclusively-cotton-hoodie-shoulder-cotton","status":"publish","type":"product","link":"https:\/\/www.iamiza.com\/ro\/produs\/exclusively-cotton-hoodie-shoulder-cotton\/","title":{"rendered":"EXCLUSIV COTTON Hanorac bumbac um\u0103r"},"content":{"rendered":"","protected":false},"excerpt":{"rendered":"<p>Hanorac cu umeri supradimensiona\u021bi deta\u0219abili, buzunar pung\u0103, fermoar sus<\/p>\n<ul>\n<li>bumbac de calitate superioar\u0103<\/li>\n<li>buzunar pung\u0103<\/li>\n<li>umeri supradimensiona\u021bi<\/li>\n<li>t\u0103iat<\/li>\n<li>m\u00e2nec\u0103 lung\u0103<\/li>\n<li>croial\u0103 sub\u021bire<\/li>\n<\/ul>\n<p>Composition: Cotton 70%, polyester 30%<\/p>\n<p>Colors: Black, bleumarin, bordo<\/p>","protected":false},"featured_media":239437,"comment_status":"open","ping_status":"closed","template":"","meta":[],"product_cat":[334,59],"product_tag":[],"class_list":{"0":"post-239436","1":"product","2":"type-product","3":"status-publish","4":"has-post-thumbnail","6":"product_cat-fall-winter-24","7":"product_cat-hoodie","9":"first","10":"instock","11":"shipping-taxable","12":"purchasable","13":"product-type-variable"},"_links":{"self":[{"href":"https:\/\/www.iamiza.com\/ro\/wp-json\/wp\/v2\/product\/239436"}],"collection":[{"href":"https:\/\/www.iamiza.com\/ro\/wp-json\/wp\/v2\/product"}],"about":[{"href":"https:\/\/www.iamiza.com\/ro\/wp-json\/wp\/v2\/types\/product"}],"replies":[{"embeddable":true,"href":"https:\/\/www.iamiza.com\/ro\/wp-json\/wp\/v2\/comments?post=239436"}],"wp:featuredmedia":[{"embeddable":true,"href":"https:\/\/www.iamiza.com\/ro\/wp-json\/wp\/v2\/media\/239437"}],"wp:attachment":[{"href":"https:\/\/www.iamiza.com\/ro\/wp-json\/wp\/v2\/media?parent=239436"}],"wp:term":[{"taxonomy":"product_cat","embeddable":true,"href":"https:\/\/www.iamiza.com\/ro\/wp-json\/wp\/v2\/product_cat?post=239436"},{"taxonomy":"product_tag","embeddable":true,"href":"https:\/\/www.iamiza.com\/ro\/wp-json\/wp\/v2\/product_tag?post=239436"}],"curies":[{"name":"wp","href":"https:\/\/api.w.org\/{rel}","templated":true}]}}