{"id":239508,"date":"2024-10-09T11:42:53","date_gmt":"2024-10-09T08:42:53","guid":{"rendered":"https:\/\/www.iamiza.com\/?post_type=product&#038;p=239508"},"modified":"2024-10-09T11:43:58","modified_gmt":"2024-10-09T08:43:58","slug":"t-shirt-stamp-long-sleeve","status":"publish","type":"product","link":"https:\/\/www.iamiza.com\/ro\/produs\/t-shirt-stamp-long-sleeve\/","title":{"rendered":"Tricoul cu m\u00e2nec\u0103 lung\u0103"},"content":{"rendered":"","protected":false},"excerpt":{"rendered":"<p><strong>T-shirt features personalized stamp print paint at the front, under-layer mesh long sleeves,cuffs and hem.<\/strong><\/p>\n<ul>\n<li>relaxed fit<\/li>\n<li>under layer sleeves<\/li>\n<li>easonal branded<\/li>\n<li>print stamp<\/li>\n<li>bumbac 100%<\/li>\n<\/ul>\n<p>Composition: 100% cotton<br \/>\nColor: White<\/p>","protected":false},"featured_media":239509,"comment_status":"open","ping_status":"closed","template":"","meta":[],"product_cat":[334,79],"product_tag":[],"class_list":{"0":"post-239508","1":"product","2":"type-product","3":"status-publish","4":"has-post-thumbnail","6":"product_cat-fall-winter-24","7":"product_cat-t-shirt","9":"first","10":"instock","11":"shipping-taxable","12":"purchasable","13":"product-type-variable"},"_links":{"self":[{"href":"https:\/\/www.iamiza.com\/ro\/wp-json\/wp\/v2\/product\/239508"}],"collection":[{"href":"https:\/\/www.iamiza.com\/ro\/wp-json\/wp\/v2\/product"}],"about":[{"href":"https:\/\/www.iamiza.com\/ro\/wp-json\/wp\/v2\/types\/product"}],"replies":[{"embeddable":true,"href":"https:\/\/www.iamiza.com\/ro\/wp-json\/wp\/v2\/comments?post=239508"}],"wp:featuredmedia":[{"embeddable":true,"href":"https:\/\/www.iamiza.com\/ro\/wp-json\/wp\/v2\/media\/239509"}],"wp:attachment":[{"href":"https:\/\/www.iamiza.com\/ro\/wp-json\/wp\/v2\/media?parent=239508"}],"wp:term":[{"taxonomy":"product_cat","embeddable":true,"href":"https:\/\/www.iamiza.com\/ro\/wp-json\/wp\/v2\/product_cat?post=239508"},{"taxonomy":"product_tag","embeddable":true,"href":"https:\/\/www.iamiza.com\/ro\/wp-json\/wp\/v2\/product_tag?post=239508"}],"curies":[{"name":"wp","href":"https:\/\/api.w.org\/{rel}","templated":true}]}}