{"id":239956,"date":"2024-11-05T17:09:46","date_gmt":"2024-11-05T15:09:46","guid":{"rendered":"https:\/\/www.iamiza.com\/?post_type=product&#038;p=239956"},"modified":"2025-02-15T08:27:13","modified_gmt":"2025-02-15T06:27:13","slug":"2-winter-tracksuit-hoodie-with-label-2","status":"publish","type":"product","link":"https:\/\/www.iamiza.com\/ro\/produs\/2-winter-tracksuit-hoodie-with-label-2\/","title":{"rendered":"2. Iarna TRACKSUIT HOODIE CU LABEL"},"content":{"rendered":"","protected":false},"excerpt":{"rendered":"<p><strong>Aceea\u0219i calitate, \u00eembun\u0103t\u0103\u021biri de p\u00e2n\u0103 la un minut.<\/strong> O experien\u021b\u0103 cu totul NOU\u0102 cu cel mai NOU upgrade: V\u0103 prezent\u0103m ultimul nostru trening cu logo catifelat \u0219i buzunar tip pung\u0103.<\/p>\n<ul>\n<li>Compozi\u021bie: 80% COTTON, 20% POLIESTER<\/li>\n<li>Culori disponibile: #Bnegru cu negru #Bnegru cu alb #grey army #brown dark #Caramel #kaki #olive<\/li>\n<li>Trage\u021bi pe<\/li>\n<li>Disponibil \u00een m\u0103rimi XS-L European fit to size<\/li>\n<li>Model: are o \u00een\u0103l\u021bime de 1,73 cm \u0219i poart\u0103 m\u0103rimea Small<\/li>\n<\/ul>","protected":false},"featured_media":236847,"comment_status":"open","ping_status":"closed","template":"","meta":[],"product_cat":[352,81],"product_tag":[],"class_list":{"0":"post-239956","1":"product","2":"type-product","3":"status-publish","4":"has-post-thumbnail","6":"product_cat-black-friday","7":"product_cat-tracksuit","9":"first","10":"outofstock","11":"sale","12":"shipping-taxable","13":"purchasable","14":"product-type-variable","15":"has-default-attributes"},"_links":{"self":[{"href":"https:\/\/www.iamiza.com\/ro\/wp-json\/wp\/v2\/product\/239956"}],"collection":[{"href":"https:\/\/www.iamiza.com\/ro\/wp-json\/wp\/v2\/product"}],"about":[{"href":"https:\/\/www.iamiza.com\/ro\/wp-json\/wp\/v2\/types\/product"}],"replies":[{"embeddable":true,"href":"https:\/\/www.iamiza.com\/ro\/wp-json\/wp\/v2\/comments?post=239956"}],"wp:featuredmedia":[{"embeddable":true,"href":"https:\/\/www.iamiza.com\/ro\/wp-json\/wp\/v2\/media\/236847"}],"wp:attachment":[{"href":"https:\/\/www.iamiza.com\/ro\/wp-json\/wp\/v2\/media?parent=239956"}],"wp:term":[{"taxonomy":"product_cat","embeddable":true,"href":"https:\/\/www.iamiza.com\/ro\/wp-json\/wp\/v2\/product_cat?post=239956"},{"taxonomy":"product_tag","embeddable":true,"href":"https:\/\/www.iamiza.com\/ro\/wp-json\/wp\/v2\/product_tag?post=239956"}],"curies":[{"name":"wp","href":"https:\/\/api.w.org\/{rel}","templated":true}]}}