{"id":97314,"date":"2021-04-16T06:01:59","date_gmt":"2021-04-16T06:01:59","guid":{"rendered":"https:\/\/www.iamiza.com\/?post_type=product&#038;p=97314"},"modified":"2023-08-10T21:17:39","modified_gmt":"2023-08-10T18:17:39","slug":"4-iam21-tracksuit-type-blouse-with-label","status":"publish","type":"product","link":"https:\/\/www.iamiza.com\/ro\/produs\/4-iam21-tracksuit-type-blouse-with-label\/","title":{"rendered":"4.IAM21: BLUZ\u0102 TIP TRENING CU ETICHET\u0102"},"content":{"rendered":"","protected":false},"excerpt":{"rendered":"<p><strong>Hanorac moale cu broderie frontal\u0103 \u0219i eticheta I.AM.IZA.<\/strong><\/p>\n<p>TAPERED LEG TROUSERS. SAVVY-CHIC and FIRST-RATE.<br \/>\nSilky-smooth cotton sweatpants with a drop of stretch to embrace your flawless outfits.<br \/>\nComposition: Cotton80% and 20% polyester<br \/>\nAvailable colors: #somon, #somon light #pink #pink pale # cyclam# coral pantone# coral # pistachio #capuccino# blue electric #green kiwi #white #black<br \/>\nAvailable in sizes from XS-L<br \/>\nSp\u0103lare manual\u0103 30 de grade<br \/>\nModel: has a height of 1.81cm and wears the size Small<\/p>","protected":false},"featured_media":97310,"comment_status":"open","ping_status":"closed","template":"","meta":[],"product_cat":[113,81],"product_tag":[],"class_list":{"0":"post-97314","1":"product","2":"type-product","3":"status-publish","4":"has-post-thumbnail","6":"product_cat-i-am-iza-ss21","7":"product_cat-tracksuit","9":"first","10":"instock","11":"sale","12":"shipping-taxable","13":"purchasable","14":"product-type-variable","15":"has-default-attributes"},"_links":{"self":[{"href":"https:\/\/www.iamiza.com\/ro\/wp-json\/wp\/v2\/product\/97314"}],"collection":[{"href":"https:\/\/www.iamiza.com\/ro\/wp-json\/wp\/v2\/product"}],"about":[{"href":"https:\/\/www.iamiza.com\/ro\/wp-json\/wp\/v2\/types\/product"}],"replies":[{"embeddable":true,"href":"https:\/\/www.iamiza.com\/ro\/wp-json\/wp\/v2\/comments?post=97314"}],"wp:featuredmedia":[{"embeddable":true,"href":"https:\/\/www.iamiza.com\/ro\/wp-json\/wp\/v2\/media\/97310"}],"wp:attachment":[{"href":"https:\/\/www.iamiza.com\/ro\/wp-json\/wp\/v2\/media?parent=97314"}],"wp:term":[{"taxonomy":"product_cat","embeddable":true,"href":"https:\/\/www.iamiza.com\/ro\/wp-json\/wp\/v2\/product_cat?post=97314"},{"taxonomy":"product_tag","embeddable":true,"href":"https:\/\/www.iamiza.com\/ro\/wp-json\/wp\/v2\/product_tag?post=97314"}],"curies":[{"name":"wp","href":"https:\/\/api.w.org\/{rel}","templated":true}]}}